{"id":1858,"date":"2026-02-06T11:05:36","date_gmt":"2026-02-06T10:05:36","guid":{"rendered":"https:\/\/www.iphonereparaturkiel.de\/?page_id=1858"},"modified":"2026-02-20T12:06:25","modified_gmt":"2026-02-20T11:06:25","slug":"services-3-2-2","status":"publish","type":"page","link":"https:\/\/www.iphonereparaturkiel.de\/?page_id=1858","title":{"rendered":"Scooter Reperatur"},"content":{"rendered":"\t\t<div data-elementor-type=\"wp-page\" data-elementor-id=\"1858\" class=\"elementor elementor-1858\" data-elementor-post-type=\"page\">\n\t\t\t\t\t\t<section class=\"elementor-section elementor-top-section elementor-element elementor-element-1d87dce6 elementor-section-content-middle elementor-section-boxed elementor-section-height-default elementor-section-height-default\" data-id=\"1d87dce6\" data-element_type=\"section\" data-e-type=\"section\" data-settings=\"{&quot;background_background&quot;:&quot;classic&quot;}\">\n\t\t\t\t\t\t\t<div class=\"elementor-background-overlay\"><\/div>\n\t\t\t\t\t\t\t<div class=\"elementor-container elementor-column-gap-no\">\n\t\t\t\t\t<div class=\"elementor-column elementor-col-100 elementor-top-column elementor-element elementor-element-2cfb3eed\" data-id=\"2cfb3eed\" data-element_type=\"column\" data-e-type=\"column\">\n\t\t\t<div class=\"elementor-widget-wrap elementor-element-populated\">\n\t\t\t\t\t\t<div class=\"elementor-element elementor-element-3f60878 elementor-widget elementor-widget-image\" data-id=\"3f60878\" data-element_type=\"widget\" data-e-type=\"widget\" data-widget_type=\"image.default\">\n\t\t\t\t<div class=\"elementor-widget-container\">\n\t\t\t\t\t\t\t\t\t\t\t\t\t\t\t<img fetchpriority=\"high\" decoding=\"async\" width=\"300\" height=\"200\" src=\"https:\/\/www.iphonereparaturkiel.de\/wp-content\/uploads\/2026\/02\/young-couple-are-making-interesting-composition-from-their-scooters-while-posing-photographer-300x200.jpg\" class=\"attachment-medium size-medium wp-image-1718\" alt=\"\" srcset=\"https:\/\/www.iphonereparaturkiel.de\/wp-content\/uploads\/2026\/02\/young-couple-are-making-interesting-composition-from-their-scooters-while-posing-photographer-300x200.jpg 300w, https:\/\/www.iphonereparaturkiel.de\/wp-content\/uploads\/2026\/02\/young-couple-are-making-interesting-composition-from-their-scooters-while-posing-photographer-1024x683.jpg 1024w, https:\/\/www.iphonereparaturkiel.de\/wp-content\/uploads\/2026\/02\/young-couple-are-making-interesting-composition-from-their-scooters-while-posing-photographer-768x512.jpg 768w, https:\/\/www.iphonereparaturkiel.de\/wp-content\/uploads\/2026\/02\/young-couple-are-making-interesting-composition-from-their-scooters-while-posing-photographer-1536x1024.jpg 1536w, https:\/\/www.iphonereparaturkiel.de\/wp-content\/uploads\/2026\/02\/young-couple-are-making-interesting-composition-from-their-scooters-while-posing-photographer-2048x1365.jpg 2048w, https:\/\/www.iphonereparaturkiel.de\/wp-content\/uploads\/2026\/02\/young-couple-are-making-interesting-composition-from-their-scooters-while-posing-photographer-1568x1045.jpg 1568w\" sizes=\"(max-width: 300px) 100vw, 300px\" style=\"width:100%;height:66.68%;max-width:2560px\" \/>\t\t\t\t\t\t\t\t\t\t\t\t\t\t\t<\/div>\n\t\t\t\t<\/div>\n\t\t\t\t<div class=\"elementor-element elementor-element-3b65f55 elementor-widget elementor-widget-spacer\" data-id=\"3b65f55\" data-element_type=\"widget\" data-e-type=\"widget\" data-widget_type=\"spacer.default\">\n\t\t\t\t<div class=\"elementor-widget-container\">\n\t\t\t\t\t\t\t<div class=\"elementor-spacer\">\n\t\t\t<div class=\"elementor-spacer-inner\"><\/div>\n\t\t<\/div>\n\t\t\t\t\t\t<\/div>\n\t\t\t\t<\/div>\n\t\t\t\t<div class=\"elementor-element elementor-element-497432a4 elementor-widget elementor-widget-icon-box\" data-id=\"497432a4\" data-element_type=\"widget\" data-e-type=\"widget\" data-widget_type=\"icon-box.default\">\n\t\t\t\t<div class=\"elementor-widget-container\">\n\t\t\t\t\t\t\t<div class=\"elementor-icon-box-wrapper\">\n\n\t\t\t\n\t\t\t\t\t\t<div class=\"elementor-icon-box-content\">\n\n\t\t\t\t\t\t\t\t\t<h4 class=\"elementor-icon-box-title\">\n\t\t\t\t\t\t<span  >\n\t\t\t\t\t\t\tder scooter oder E-Bike streikt?\t\t\t\t\t\t<\/span>\n\t\t\t\t\t<\/h4>\n\t\t\t\t\n\t\t\t\t\t\t\t\t\t<p class=\"elementor-icon-box-description\">\n\t\t\t\t\t\tSCOOTER &amp; E-bike-motoren<br>REPARATUR\t\t\t\t\t<\/p>\n\t\t\t\t\n\t\t\t<\/div>\n\t\t\t\n\t\t<\/div>\n\t\t\t\t\t\t<\/div>\n\t\t\t\t<\/div>\n\t\t\t\t<div class=\"elementor-element elementor-element-d612484 elementor-widget elementor-widget-text-editor\" data-id=\"d612484\" data-element_type=\"widget\" data-e-type=\"widget\" data-widget_type=\"text-editor.default\">\n\t\t\t\t<div class=\"elementor-widget-container\">\n\t\t\t\t\t\t\t\t\t<p>Wir bringen ihn wieder auf die Stra\u00dfe.<\/p><p>Ob E-Scooter, City-Roller oder E-Bike-Motor \u2013 wir sind deine zuverl\u00e4ssige Fachwerkstatt f\u00fcr schnelle, saubere und professionelle Reparaturen. Von Akku-&amp; E-Motoren-Check hin zu Elektronik- und Ersatzteilservice k\u00fcmmern wir uns um jedes Problem \u2013 effizient und transparent. Faire Preise, kurze Wartezeiten und echte Handwerksqualit\u00e4t sorgen daf\u00fcr, dass dein Scooter schnell wieder f\u00e4hrt wie am ersten Tag. Einfach vorbeibringen. Wir machen den Rest!<\/p>\t\t\t\t\t\t\t\t<\/div>\n\t\t\t\t<\/div>\n\t\t\t\t<div class=\"elementor-element elementor-element-e8ac82a elementor-widget elementor-widget-spacer\" data-id=\"e8ac82a\" data-element_type=\"widget\" data-e-type=\"widget\" data-widget_type=\"spacer.default\">\n\t\t\t\t<div class=\"elementor-widget-container\">\n\t\t\t\t\t\t\t<div class=\"elementor-spacer\">\n\t\t\t<div class=\"elementor-spacer-inner\"><\/div>\n\t\t<\/div>\n\t\t\t\t\t\t<\/div>\n\t\t\t\t<\/div>\n\t\t\t\t\t<\/div>\n\t\t<\/div>\n\t\t\t\t\t<\/div>\n\t\t<\/section>\n\t\t\t\t<section class=\"elementor-section elementor-top-section elementor-element elementor-element-226af53a elementor-section-content-middle elementor-section-boxed elementor-section-height-default elementor-section-height-default\" data-id=\"226af53a\" data-element_type=\"section\" data-e-type=\"section\" data-settings=\"{&quot;background_background&quot;:&quot;classic&quot;}\">\n\t\t\t\t\t\t<div class=\"elementor-container elementor-column-gap-no\">\n\t\t\t\t\t<div class=\"elementor-column elementor-col-100 elementor-top-column elementor-element elementor-element-15ce4549\" data-id=\"15ce4549\" data-element_type=\"column\" data-e-type=\"column\">\n\t\t\t<div class=\"elementor-widget-wrap elementor-element-populated\">\n\t\t\t\t\t\t<div class=\"elementor-element elementor-element-3484d42c elementor-widget elementor-widget-heading\" data-id=\"3484d42c\" data-element_type=\"widget\" data-e-type=\"widget\" data-widget_type=\"heading.default\">\n\t\t\t\t<div class=\"elementor-widget-container\">\n\t\t\t\t\t<h4 class=\"elementor-heading-title elementor-size-default\">Du hast Fragen zu unseren Leistungen und Preisen?<\/h4>\t\t\t\t<\/div>\n\t\t\t\t<\/div>\n\t\t\t\t\t<\/div>\n\t\t<\/div>\n\t\t\t\t\t<\/div>\n\t\t<\/section>\n\t\t\t\t<section class=\"elementor-section elementor-top-section elementor-element elementor-element-2375d22b elementor-section-height-min-height elementor-section-content-middle elementor-section-boxed elementor-section-height-default elementor-section-items-middle\" data-id=\"2375d22b\" data-element_type=\"section\" data-e-type=\"section\" data-settings=\"{&quot;background_background&quot;:&quot;classic&quot;,&quot;shape_divider_top&quot;:&quot;arrow&quot;}\">\n\t\t\t\t\t<div class=\"elementor-shape elementor-shape-top\" aria-hidden=\"true\" data-negative=\"false\">\n\t\t\t<svg xmlns=\"http:\/\/www.w3.org\/2000\/svg\" viewBox=\"0 0 700 10\" preserveAspectRatio=\"none\">\n\t<path class=\"elementor-shape-fill\" d=\"M350,10L340,0h20L350,10z\"\/>\n<\/svg>\t\t<\/div>\n\t\t\t\t\t<div class=\"elementor-container elementor-column-gap-no\">\n\t\t\t\t\t<div class=\"elementor-column elementor-col-100 elementor-top-column elementor-element elementor-element-2a82124a\" data-id=\"2a82124a\" data-element_type=\"column\" data-e-type=\"column\">\n\t\t\t<div class=\"elementor-widget-wrap elementor-element-populated\">\n\t\t\t\t\t\t<div class=\"elementor-element elementor-element-3f445f76 elementor-widget elementor-widget-text-editor\" data-id=\"3f445f76\" data-element_type=\"widget\" data-e-type=\"widget\" data-widget_type=\"text-editor.default\">\n\t\t\t\t<div class=\"elementor-widget-container\">\n\t\t\t\t\t\t\t\t\t<p>Schreibe uns ein Mail, rufe uns an oder komme direkt im Store vorbei<\/p>\t\t\t\t\t\t\t\t<\/div>\n\t\t\t\t<\/div>\n\t\t\t\t\t<\/div>\n\t\t<\/div>\n\t\t\t\t\t<\/div>\n\t\t<\/section>\n\t\t\t\t<\/div>\n\t\t","protected":false},"excerpt":{"rendered":"<p>der scooter oder E-Bike streikt? SCOOTER &amp; E-bike-motorenREPARATUR Wir bringen ihn wieder auf die Stra\u00dfe. Ob E-Scooter, City-Roller oder E-Bike-Motor \u2013 wir sind deine zuverl\u00e4ssige Fachwerkstatt f\u00fcr schnelle, saubere und professionelle Reparaturen. Von Akku-&amp; E-Motoren-Check hin zu Elektronik- und Ersatzteilservice k\u00fcmmern wir uns um jedes Problem \u2013 effizient und transparent. Faire Preise, kurze Wartezeiten und&hellip; <a class=\"more-link\" href=\"https:\/\/www.iphonereparaturkiel.de\/?page_id=1858\">Continue reading <span class=\"screen-reader-text\">Scooter Reperatur<\/span><\/a><\/p>\n","protected":false},"author":1,"featured_media":0,"parent":0,"menu_order":0,"comment_status":"closed","ping_status":"closed","template":"elementor_header_footer","meta":{"footnotes":""},"class_list":["post-1858","page","type-page","status-publish","hentry","entry"],"_links":{"self":[{"href":"https:\/\/www.iphonereparaturkiel.de\/index.php?rest_route=\/wp\/v2\/pages\/1858","targetHints":{"allow":["GET"]}}],"collection":[{"href":"https:\/\/www.iphonereparaturkiel.de\/index.php?rest_route=\/wp\/v2\/pages"}],"about":[{"href":"https:\/\/www.iphonereparaturkiel.de\/index.php?rest_route=\/wp\/v2\/types\/page"}],"author":[{"embeddable":true,"href":"https:\/\/www.iphonereparaturkiel.de\/index.php?rest_route=\/wp\/v2\/users\/1"}],"replies":[{"embeddable":true,"href":"https:\/\/www.iphonereparaturkiel.de\/index.php?rest_route=%2Fwp%2Fv2%2Fcomments&post=1858"}],"version-history":[{"count":16,"href":"https:\/\/www.iphonereparaturkiel.de\/index.php?rest_route=\/wp\/v2\/pages\/1858\/revisions"}],"predecessor-version":[{"id":1980,"href":"https:\/\/www.iphonereparaturkiel.de\/index.php?rest_route=\/wp\/v2\/pages\/1858\/revisions\/1980"}],"wp:attachment":[{"href":"https:\/\/www.iphonereparaturkiel.de\/index.php?rest_route=%2Fwp%2Fv2%2Fmedia&parent=1858"}],"curies":[{"name":"wp","href":"https:\/\/api.w.org\/{rel}","templated":true}]}}